{"id":16,"date":"2018-02-17T19:31:02","date_gmt":"2018-02-17T19:31:02","guid":{"rendered":"http:\/\/vsav.info\/?page_id=16"},"modified":"2025-08-19T14:24:55","modified_gmt":"2025-08-19T14:24:55","slug":"startseite","status":"publish","type":"page","link":"https:\/\/vsav.info\/","title":{"rendered":"Startseite"},"content":{"rendered":"<p><span style=\"font-family: arial, helvetica, sans-serif; font-size: 12pt;\"><img loading=\"lazy\" decoding=\"async\" class=\"wp-image-36 size-thumbnail alignleft\" src=\"https:\/\/vsav.info\/wp-content\/uploads\/2018\/02\/VSAV_Logo_weiss-150x150.jpg\" alt=\"\" width=\"150\" height=\"150\" \/><\/span><\/p>\n<p><span style=\"font-family: arial, helvetica, sans-serif; font-size: 12pt;\">Willkommen auf der Homepage, es freut un<\/span><span style=\"font-family: arial, helvetica, sans-serif; font-size: 12pt;\">s<\/span><span style=\"font-family: arial, helvetica, sans-serif; font-size: 12pt;\">, dass sie den Weg zu den Artilleristen gefunden haben.<\/span><\/p>\n<p><span style=\"font-family: arial, helvetica, sans-serif; font-size: 12pt;\">Am 23. September 1888 gr\u00fcndeten 16 Delegierte aus den Sektionen Basel-Stadt, Biel, Bern, Seethal-Wynen, Winterthur und Z\u00fcrich den Centralverband Schweizerischer Artillerievereine (VSAV) \u00dcber 100 Jahre sp\u00e4ter sind 27 Artillerievereine aus der franz\u00f6sischen und deutschen Schweiz dem Dachverband angeschlossen.\u00a0 Einzelne Sektionen organisieren regionale Sportwettk\u00e4mpfe, sowie Schiessanl\u00e4sse und nehmen\u00a0 auch rege an Internationalen, grenz\u00fcberschreitenden\u00a0 Schiess,- und Sportwettk\u00e4mpfen teil.<\/span><\/p>\n<p><span style=\"font-family: arial, helvetica, sans-serif; font-size: 12pt;\">Die H\u00f6hepunkte des Verbandes sind die j\u00e4hrlich von jeweils einer anderen Sektion organisierten Barbaraschiessen mit der pers\u00f6nlichen Ordonnanzwaffe, sowie von einzelnen Sektionen am Barbaratag (4.Dezember) das Salutschiessen mit einer Feldkanone zu Ehren der Schutzpatronen der Artillerie.<\/span><\/p>\n<p style=\"text-align: center;\"><strong><span style=\"color: #ff0000;\">AKTUELL<\/span><\/strong><\/p>\n<p><a href=\"https:\/\/vsav.info\/index.php\/133-delegiertenversammlung-vsav-am-10-05-2025-in-reiden\/\"><img loading=\"lazy\" decoding=\"async\" class=\"size-medium wp-image-879 aligncenter\" src=\"https:\/\/vsav.info\/wp-content\/uploads\/2025\/05\/Banner_133_DV_VSAV_2025-300x120.jpg\" alt=\"\" width=\"300\" height=\"120\" srcset=\"https:\/\/vsav.info\/wp-content\/uploads\/2025\/05\/Banner_133_DV_VSAV_2025-300x120.jpg 300w, https:\/\/vsav.info\/wp-content\/uploads\/2025\/05\/Banner_133_DV_VSAV_2025.jpg 591w\" sizes=\"auto, (max-width: 300px) 100vw, 300px\" \/><\/a><\/p>\n<p><img loading=\"lazy\" decoding=\"async\" class=\"aligncenter wp-image-870 size-medium\" src=\"https:\/\/vsav.info\/wp-content\/uploads\/2025\/02\/Butto_Barbaraschiessen_2025-300x120.jpg\" alt=\"\" width=\"300\" height=\"120\" srcset=\"https:\/\/vsav.info\/wp-content\/uploads\/2025\/02\/Butto_Barbaraschiessen_2025-300x120.jpg 300w, https:\/\/vsav.info\/wp-content\/uploads\/2025\/02\/Butto_Barbaraschiessen_2025.jpg 591w\" sizes=\"auto, (max-width: 300px) 100vw, 300px\" \/><\/p>\n<p style=\"text-align: center;\"><strong>Ranglisten<\/strong><\/p>\n<table style=\"border-collapse: collapse; width: 100%;\">\n<tbody>\n<tr>\n<td style=\"width: 33.3333%;\"><a href=\"https:\/\/vsav.info\/wp-content\/uploads\/2025\/05\/Barbara-2025-Rangliste-25m.pdf\">Barbara 2025 Rangliste 25m<\/a><\/td>\n<td style=\"width: 33.3333%;\"><a href=\"https:\/\/vsav.info\/wp-content\/uploads\/2025\/05\/Barbara-2025-Rangliste-25m-Verein.pdf\">Barbara 2025 Rangliste 25m Verein<\/a><\/td>\n<td style=\"width: 33.3333%;\"><a href=\"https:\/\/vsav.info\/wp-content\/uploads\/2025\/05\/Barbara-2025-Rangliste-25m-Gruppe.pdf\">Barbara 2025 Rangliste 25m Gruppe<\/a><\/td>\n<\/tr>\n<tr>\n<td style=\"width: 33.3333%;\"><a href=\"https:\/\/vsav.info\/wp-content\/uploads\/2025\/05\/Barbara-2025-Rangliste-300m.pdf\">Barbara 2025 Rangliste 300m<\/a><\/td>\n<td style=\"width: 33.3333%;\"><a href=\"https:\/\/vsav.info\/wp-content\/uploads\/2025\/05\/Barbara-2025-Rangliste-300m-Verein.pdf\">Barbara 2025 Rangliste 300m Verein<\/a><\/td>\n<td style=\"width: 33.3333%;\"><a href=\"https:\/\/vsav.info\/wp-content\/uploads\/2025\/05\/Barbara-2025-Rangliste-300m-Gruppe.pdf\">Barbara 2025 Rangliste 300m Gruppe<\/a><\/td>\n<\/tr>\n<\/tbody>\n<\/table>\n<p style=\"text-align: center;\">\n","protected":false},"excerpt":{"rendered":"<p>Willkommen auf der Homepage, es freut uns, dass sie den Weg zu den Artilleristen gefunden haben. Am 23. September 1888 gr\u00fcndeten 16 Delegierte aus den Sektionen Basel-Stadt, Biel, Bern, Seethal-Wynen, Winterthur und Z\u00fcrich den Centralverband Schweizerischer Artillerievereine (VSAV) \u00dcber 100 Jahre sp\u00e4ter sind 27 Artillerievereine aus der franz\u00f6sischen und deutschen Schweiz dem Dachverband angeschlossen.\u00a0 Einzelne [&hellip;]<\/p>\n","protected":false},"author":1,"featured_media":0,"parent":0,"menu_order":0,"comment_status":"closed","ping_status":"closed","template":"","meta":{"footnotes":""},"class_list":["post-16","page","type-page","status-publish","hentry"],"_links":{"self":[{"href":"https:\/\/vsav.info\/index.php\/wp-json\/wp\/v2\/pages\/16","targetHints":{"allow":["GET"]}}],"collection":[{"href":"https:\/\/vsav.info\/index.php\/wp-json\/wp\/v2\/pages"}],"about":[{"href":"https:\/\/vsav.info\/index.php\/wp-json\/wp\/v2\/types\/page"}],"author":[{"embeddable":true,"href":"https:\/\/vsav.info\/index.php\/wp-json\/wp\/v2\/users\/1"}],"replies":[{"embeddable":true,"href":"https:\/\/vsav.info\/index.php\/wp-json\/wp\/v2\/comments?post=16"}],"version-history":[{"count":116,"href":"https:\/\/vsav.info\/index.php\/wp-json\/wp\/v2\/pages\/16\/revisions"}],"predecessor-version":[{"id":929,"href":"https:\/\/vsav.info\/index.php\/wp-json\/wp\/v2\/pages\/16\/revisions\/929"}],"wp:attachment":[{"href":"https:\/\/vsav.info\/index.php\/wp-json\/wp\/v2\/media?parent=16"}],"curies":[{"name":"wp","href":"https:\/\/api.w.org\/{rel}","templated":true}]}}