{"id":163,"date":"2018-02-20T20:44:10","date_gmt":"2018-02-20T20:44:10","guid":{"rendered":"http:\/\/vsav.info\/?page_id=163"},"modified":"2018-02-20T20:50:45","modified_gmt":"2018-02-20T20:50:45","slug":"weiterentwicklung-der-armee","status":"publish","type":"page","link":"https:\/\/vsav.info\/index.php\/weiterentwicklung-der-armee\/","title":{"rendered":"Weiterentwicklung der Armee"},"content":{"rendered":"<div class=\"section textimage\">\n<div class=\"clearfix\">\n<div>\n<p><em>Auszug aus der offiziellen Website der Schweizer Armee<\/em><\/p>\n<blockquote><p><span style=\"color: #ff0000;\">Die Zeit der Planungen ist vor\u00fcber, jetzt geht es an die Umsetzung. <\/span><span style=\"color: #ff0000;\">Wir sind verpflichtet, zu erf\u00fcllen: Machen wir es. Faisons-le. Facciamolo.<\/span><\/p><\/blockquote>\n<p>Korpskommandant Philipp Rebord<\/p>\n<\/div>\n<\/div>\n<\/div>\n<div class=\"section textimage\">\n<div class=\"clearfix\">\n<h2>N\u00f6tig, richtig, modern und flexibel<\/h2>\n<div>\n<p><b>N\u00f6tig<\/b>, weil M\u00e4ngelliste 2009, Sipol B 2010 und Armeebericht 2010 Handlungsbedarf aufzeigen. Weil wir Leistungen und Ressourcen in Einklang bringen m\u00fcssen.<\/p>\n<p><b>Richtig<\/b>, weil Verteidigung heute den umfassenden Schutz von Land und Leuten bedeutet: Schutz der Bev\u00f6lkerung, Schutz von Informatiksystemen, Schutz von kritischer Infrastruktur, Schutz des Luftraumes, Einsatz schwerer Mittel bis hin zur Abwehr eines mechanisierten Angriffes.<\/p>\n<p><b>Modern<\/b>, weil die Armee auf aktuelle und absehbare Risiken und Bedrohungen (Cyberattacken \/ Sabotage kritischer Infrastrukturen) ausgerichtet ist.<\/p>\n<p><b>Flexibel<\/b>, weil Truppen und Ausr\u00fcstung regional verteilt sind und die Organisation rasch angepasst werden kann.<\/p>\n<\/div>\n<\/div>\n<\/div>\n<div class=\"section textimage\">\n<div class=\"clearfix\">\n<div>\n<blockquote><p><span style=\"color: #ff0000;\">Die Angeh\u00f6rigen der Armee haben Respekt verdient.<\/span><\/p><\/blockquote>\n<p>Korpskommandant Philipp Rebord<\/p>\n<div class=\"section textimage\">\n<div class=\"clearfix\">\n<h2>Rahmenbedingungen | Eckwerte<\/h2>\n<div>\n<ul>\n<li>Fundament: Wehrpflicht und Milizprinzip<\/li>\n<li>Sollbestand: 100 000 Angeh\u00f6rige der Armee<\/li>\n<li>Kostendach: 5 Mrd CHF \/ Jahr (4-Jahres Finanzrahmen)<\/li>\n<\/ul>\n<\/div>\n<\/div>\n<\/div>\n<div class=\"section textimage\">\n<div class=\"clearfix\">\n<h2>Die vier Kernpunkte der WEA<\/h2>\n<div>\n<h3>1. H\u00f6here Bereitschaft<\/h3>\n<ul>\n<li>Neues abgestuftes Bereitschaftssystem erm\u00f6glicht auch bei einem unerwarteten Ereignis voll ausger\u00fcstete Truppen aus dem Stand aufzubieten und rasch einzusetzen.<\/li>\n<li>Neu bezeichnete Milizformationen mit hoher Bereitschaft zur Erg\u00e4nzung und Unterst\u00fctzung bereits eingesetzter Truppen.<\/li>\n<li>F\u00fcr die gesamte Armee Wiedereinf\u00fchrung eines Mobilmachungssystems.<\/li>\n<\/ul>\n<h3>2. Effektivere Kaderausbildung<\/h3>\n<ul>\n<li>Fokus verst\u00e4rkt auf wirksamere Kaderausbildung, k\u00fcnftige Kader absolvieren wieder eine gesamte Rekrutenschule (Dauer 18 Wochen).<\/li>\n<li>Gesamte Rekrutenschule und vollst\u00e4ndiges Abverdienen des letzten Dienstgrades innerhalb einer praktischen Dienstleistung bezweckt fr\u00fchzeitige und wichtige F\u00fchrungserfahrung.<\/li>\n<li>Ausdehnung der Kadervorkurse auf eine Woche, zur Verst\u00e4rkung der F\u00fchrungskompetenz und generellen Verbesserung der Kaderausbildung.<\/li>\n<\/ul>\n<h3>3. Vollst\u00e4ndige Ausr\u00fcstung<\/h3>\n<ul>\n<li>Verkleinerung der Armee und Neuzuweisung des Materials erm\u00f6glicht eine vollst\u00e4ndige Ausr\u00fcstung, insbesondere f\u00fcr Leistungen zur Unterst\u00fctzung ziviler Beh\u00f6rden und Basisleistungen.<\/li>\n<li>Milizformationen mit hoher Bereitschaft werden in Armeelogistikcentern oder in ihren Aussenstellen mit reserviertem Material rasch ausger\u00fcstet.<\/li>\n<\/ul>\n<h3>4. Regionale Verankerung<\/h3>\n<ul>\n<li>Zivile Beh\u00f6rden werden rasch und flexibel\u00a0 von Territorialdivisionen unterst\u00fctzt, sie leisten Katastrophenhilfe, Sicherungs- und Unterst\u00fctzungseins\u00e4tze oder \u00fcbernehmen im Fall eines milit\u00e4rischen Angriffs auch Schutz- und Sicherungsaufgaben (Bindeglied zu den Kantonen).<\/li>\n<li>Verst\u00e4rkung der Territorialdivisionen durch organisch unterstellte Truppenk\u00f6rper (ein Stabsbataillon, vier Infanteriebataillone, ein Geniebataillon und ein Rettungsbataillon) und der M\u00f6glichkeit von weiteren Zuweisungen.<\/li>\n<\/ul>\n<\/div>\n<\/div>\n<\/div>\n<\/div>\n<\/div>\n<\/div>\n","protected":false},"excerpt":{"rendered":"<p>Auszug aus der offiziellen Website der Schweizer Armee Die Zeit der Planungen ist vor\u00fcber, jetzt geht es an die Umsetzung. Wir sind verpflichtet, zu erf\u00fcllen: Machen wir es. Faisons-le. Facciamolo. Korpskommandant Philipp Rebord N\u00f6tig, richtig, modern und flexibel N\u00f6tig, weil M\u00e4ngelliste 2009, Sipol B 2010 und Armeebericht 2010 Handlungsbedarf aufzeigen. Weil wir Leistungen und Ressourcen [&hellip;]<\/p>\n","protected":false},"author":1,"featured_media":0,"parent":0,"menu_order":0,"comment_status":"closed","ping_status":"closed","template":"","meta":{"footnotes":""},"class_list":["post-163","page","type-page","status-publish","hentry"],"_links":{"self":[{"href":"https:\/\/vsav.info\/index.php\/wp-json\/wp\/v2\/pages\/163","targetHints":{"allow":["GET"]}}],"collection":[{"href":"https:\/\/vsav.info\/index.php\/wp-json\/wp\/v2\/pages"}],"about":[{"href":"https:\/\/vsav.info\/index.php\/wp-json\/wp\/v2\/types\/page"}],"author":[{"embeddable":true,"href":"https:\/\/vsav.info\/index.php\/wp-json\/wp\/v2\/users\/1"}],"replies":[{"embeddable":true,"href":"https:\/\/vsav.info\/index.php\/wp-json\/wp\/v2\/comments?post=163"}],"version-history":[{"count":5,"href":"https:\/\/vsav.info\/index.php\/wp-json\/wp\/v2\/pages\/163\/revisions"}],"predecessor-version":[{"id":171,"href":"https:\/\/vsav.info\/index.php\/wp-json\/wp\/v2\/pages\/163\/revisions\/171"}],"wp:attachment":[{"href":"https:\/\/vsav.info\/index.php\/wp-json\/wp\/v2\/media?parent=163"}],"curies":[{"name":"wp","href":"https:\/\/api.w.org\/{rel}","templated":true}]}}