{"id":741,"date":"2023-04-29T18:37:38","date_gmt":"2023-04-29T18:37:38","guid":{"rendered":"https:\/\/vsav.info\/?page_id=741"},"modified":"2023-05-02T13:27:41","modified_gmt":"2023-05-02T13:27:41","slug":"131-delegiertenversammlung-vsav-assa-vom-29-04-2023-in-hohenrain","status":"publish","type":"page","link":"https:\/\/vsav.info\/index.php\/131-delegiertenversammlung-vsav-assa-vom-29-04-2023-in-hohenrain\/","title":{"rendered":"131. Delegiertenversammlung VSAV\/ASSA vom 29.04.2023 in Hohenrain."},"content":{"rendered":"\n<p><img loading=\"lazy\" decoding=\"async\" class=\"wp-image-36 alignleft\" src=\"https:\/\/vsav.info\/wp-content\/uploads\/2018\/02\/VSAV_Logo_weiss-300x295.jpg\" alt=\"\" width=\"115\" height=\"113\"><\/p>\n\n\n\n<p>Text und Bilder: Fachof Fabian Coulot, C Komm, VSAV<\/p>\n<p>Der Artillerieverein Oberseetal organisierte die eint\u00e4gige Delegiertenversammlung des Verbandes Schweizerischer Artillerieverein (VSAV\/ASSA) am Samstag, 29. April 2023 in Hohenrain.<\/p>\n<p>Die 77 Delegierten von 17 Sektionen aus der franz\u00f6sischen und deutschen Schweiz besammelten sich beim Berufsbildungszentrum BBZN Natur und Ern\u00e4herung in Hohenrain. Am Vormittag fanden, als Vorbereitung zur eigentlichen Delegiertenversammlung, die Pr\u00e4sidenten, &#8211; Sch\u00fctzenmeister, -und \u00dcbungsleiterkonferenzen statt. Apero und Mittagessen wurden musikalisch umrahmt. Um 14.00 Uhr er\u00f6ffnete der Zentralpr\u00e4sident Oberstleutnant Thomas Purtschert die 131. Delegiertenversammlung in der Aula des BBZN. Nach den politischen Grussworte des Gemeindepr\u00e4sidenten von Hohenrain Herrn Alfons Kn\u00fcsel, \u00fcbermittelte Division\u00e4r Daniel Keller, der Kommandant der Territorialdivision 2, die Grussworte der Armee an die Delegierten.<\/p>\n<p>Der gesch\u00e4ftliche Teil ging reibungslos \u00fcber die B\u00fchne. Den Gewinnern der Sektionswettk\u00e4mpfe wurden ihre Preise \u00fcbergeben.<\/p>\n<p>V\u00f6llig unerwartet f\u00fcr den Schreibenden wurde vom Zentralvorstand aus den Antrag an die Delegierten gestellt Fachoffizier Fabian Coulot als Ehrenmitglied des Dachverbandes zu ernennen.\u00a0 Fabian Coulot ist im Zentralvorstand der Dienst\u00e4lteste. Nach der Rekrutenschule wurde Fabian Coulot 1985 in den Artillerie-Verein Basel-Stadt aufgenommen. Am 26.03.1994 erfolgte die Ernennung als Chef Kommunikation in den Zentralvorstand als Nachfolger von Wachtmeister Ruedi Kr\u00e4ssig.<\/p>\n<p>Als Schlussakt im gesch\u00e4ftlichen Teil hielt der Gastreferat Dr. J\u00fcrg Stadelmann, Historiker einen geschichtlichen Einblick in das S\u00f6ldnerwesen.<\/p>\n<p>Passend dazu fand am Schluss der Besuch der Johaniter Kommende Hohenrain im Turm Roten statt.<\/p>\n<p>Im Jahr 2024 werden wir uns gemeinsam auf dem Waffenplatz in Bi\u00e8re wieder sehen, wenn der Artillerieverein Lausanne die 132. Delegiertenversammlung organisiert.<\/p>\n<p><br \/><a href=\"https:\/\/myalbum.com\/album\/SWWYBmS5UbsXs6\/?invite=7872ad4b-8bdf-462e-b9d2-8750a3656729\">zur Bildergalerie<\/a><\/p>\n","protected":false},"excerpt":{"rendered":"<p>Text und Bilder: Fachof Fabian Coulot, C Komm, VSAV Der Artillerieverein Oberseetal organisierte die eint\u00e4gige Delegiertenversammlung des Verbandes Schweizerischer Artillerieverein (VSAV\/ASSA) am Samstag, 29. April 2023 in Hohenrain. Die 77 Delegierten von 17 Sektionen aus der franz\u00f6sischen und deutschen Schweiz besammelten sich beim Berufsbildungszentrum BBZN Natur und Ern\u00e4herung in Hohenrain. Am Vormittag fanden, als Vorbereitung [&hellip;]<\/p>\n","protected":false},"author":1,"featured_media":0,"parent":0,"menu_order":0,"comment_status":"closed","ping_status":"closed","template":"","meta":{"footnotes":""},"class_list":["post-741","page","type-page","status-publish","hentry"],"_links":{"self":[{"href":"https:\/\/vsav.info\/index.php\/wp-json\/wp\/v2\/pages\/741","targetHints":{"allow":["GET"]}}],"collection":[{"href":"https:\/\/vsav.info\/index.php\/wp-json\/wp\/v2\/pages"}],"about":[{"href":"https:\/\/vsav.info\/index.php\/wp-json\/wp\/v2\/types\/page"}],"author":[{"embeddable":true,"href":"https:\/\/vsav.info\/index.php\/wp-json\/wp\/v2\/users\/1"}],"replies":[{"embeddable":true,"href":"https:\/\/vsav.info\/index.php\/wp-json\/wp\/v2\/comments?post=741"}],"version-history":[{"count":6,"href":"https:\/\/vsav.info\/index.php\/wp-json\/wp\/v2\/pages\/741\/revisions"}],"predecessor-version":[{"id":752,"href":"https:\/\/vsav.info\/index.php\/wp-json\/wp\/v2\/pages\/741\/revisions\/752"}],"wp:attachment":[{"href":"https:\/\/vsav.info\/index.php\/wp-json\/wp\/v2\/media?parent=741"}],"curies":[{"name":"wp","href":"https:\/\/api.w.org\/{rel}","templated":true}]}}