{"id":75,"date":"2018-02-17T20:00:09","date_gmt":"2018-02-17T20:00:09","guid":{"rendered":"http:\/\/vsav.info\/?page_id=75"},"modified":"2026-02-07T16:18:31","modified_gmt":"2026-02-07T16:18:31","slug":"sektionen","status":"publish","type":"page","link":"https:\/\/vsav.info\/index.php\/sektionen\/","title":{"rendered":"Sektionen"},"content":{"rendered":"<ol>\n<li>Aarau gegr.1861<\/li>\n<li>Basel-Land gegr.1888<\/li>\n<li><a href=\"http:\/\/www.artillerie.org\">Basel-Stadt gegr.1834<\/a><\/li>\n<li><a href=\"http:\/\/www.artillerieverein-bern.ch\/\">Bern-Stadt gegr.1857<\/a><\/li>\n<li>Fribourg gegr.1908<\/li>\n<li><a href=\"http:\/\/www.sartge.ch\">Gen\u00e8ve gegr.1908<\/a><\/li>\n<li>Gl\u00e2ne gegr.1922<\/li>\n<li>Groupement des Instructeurs de l&#8217;artillerie de la place d&#8217;armes de Bi\u00e8re, gegr. 1993<\/li>\n<li>Hitzkirchertal gegr.1903<\/li>\n<li>Huttwil und Umgebung gegr. 1905<\/li>\n<li><a href=\"http:\/\/www.artillerie-lausanne.ch\">Lausanne gegr.1899<\/a><\/li>\n<li><a href=\"http:\/\/www.avluzern.ch\">Luzern gegr.1861<\/a><\/li>\n<li><a href=\"https:\/\/avmichelsamt.wordpress.com\/\">Michelsamt-Berom\u00fcnster gegr.1912<\/a><\/li>\n<li>Nidwalden + Engelberg gegr.1952<\/li>\n<li><a href=\"https:\/\/av-oberseetal.webador.ch\/\">Oberseetal gegr.1906<\/a><\/li>\n<li>Rorschach gegr.1933<\/li>\n<li><a href=\"http:\/\/www.avrothenburg.clubdesk.com\/clubdesk\/www\">Rothenburg gegr.1899<\/a><\/li>\n<li>Rottal gegr.1917<\/li>\n<li>St.Gallen gegr.1872<\/li>\n<li><a href=\"http:\/\/www.artillerieverein-solothurn.ch\/\">Solothurn gegr. 1873<\/a><\/li>\n<li><a href=\"http:\/\/www.bams-so.ch\">Berittene Artilleriemusik Solothurn gegr.1929<\/a><\/li>\n<li>Verein der Artilleristen Train und -Festungssoldaten Deutsch-Freiburg, gegr. 1923<\/li>\n<li><a href=\"http:\/\/www.artillerieverein-wiggertal.ch\/\">Wiggertal gegr.1909<\/a><\/li>\n<li><a href=\"https:\/\/www.av-willisau.ch\/\">Willisau gegr.1904<\/a><\/li>\n<li>Winterthur gegr.1885<\/li>\n<li><a href=\"http:\/\/www.pulverturm-zofingen.ch\/\">Zofingen gegr.1895<\/a><\/li>\n<li>Z\u00fcrich gegr.1886<\/li>\n<\/ol>\n","protected":false},"excerpt":{"rendered":"<p>Aarau gegr.1861 Basel-Land gegr.1888 Basel-Stadt gegr.1834 Bern-Stadt gegr.1857 Fribourg gegr.1908 Gen\u00e8ve gegr.1908 Gl\u00e2ne gegr.1922 Groupement des Instructeurs de l&#8217;artillerie de la place d&#8217;armes de Bi\u00e8re, gegr. 1993 Hitzkirchertal gegr.1903 Huttwil und Umgebung gegr. 1905 Lausanne gegr.1899 Luzern gegr.1861 Michelsamt-Berom\u00fcnster gegr.1912 Nidwalden + Engelberg gegr.1952 Oberseetal gegr.1906 Rorschach gegr.1933 Rothenburg gegr.1899 Rottal gegr.1917 St.Gallen gegr.1872 Solothurn [&hellip;]<\/p>\n","protected":false},"author":1,"featured_media":0,"parent":0,"menu_order":0,"comment_status":"closed","ping_status":"closed","template":"","meta":{"footnotes":""},"class_list":["post-75","page","type-page","status-publish","hentry"],"_links":{"self":[{"href":"https:\/\/vsav.info\/index.php\/wp-json\/wp\/v2\/pages\/75","targetHints":{"allow":["GET"]}}],"collection":[{"href":"https:\/\/vsav.info\/index.php\/wp-json\/wp\/v2\/pages"}],"about":[{"href":"https:\/\/vsav.info\/index.php\/wp-json\/wp\/v2\/types\/page"}],"author":[{"embeddable":true,"href":"https:\/\/vsav.info\/index.php\/wp-json\/wp\/v2\/users\/1"}],"replies":[{"embeddable":true,"href":"https:\/\/vsav.info\/index.php\/wp-json\/wp\/v2\/comments?post=75"}],"version-history":[{"count":8,"href":"https:\/\/vsav.info\/index.php\/wp-json\/wp\/v2\/pages\/75\/revisions"}],"predecessor-version":[{"id":944,"href":"https:\/\/vsav.info\/index.php\/wp-json\/wp\/v2\/pages\/75\/revisions\/944"}],"wp:attachment":[{"href":"https:\/\/vsav.info\/index.php\/wp-json\/wp\/v2\/media?parent=75"}],"curies":[{"name":"wp","href":"https:\/\/api.w.org\/{rel}","templated":true}]}}