{"id":799,"date":"2024-04-27T19:40:46","date_gmt":"2024-04-27T19:40:46","guid":{"rendered":"https:\/\/vsav.info\/?page_id=799"},"modified":"2024-04-28T01:54:17","modified_gmt":"2024-04-28T01:54:17","slug":"132-dv-vsav-assa-vom-27-04-2024-auf-dem-waffenplatz-biere","status":"publish","type":"page","link":"https:\/\/vsav.info\/index.php\/132-dv-vsav-assa-vom-27-04-2024-auf-dem-waffenplatz-biere\/","title":{"rendered":"132. Delegiertenversammlung VSAV\/ASSA vom 27.04.2024 auf dem Waffenplatz Bi\u00e8re"},"content":{"rendered":"\n<p><img loading=\"lazy\" decoding=\"async\" class=\"size-full wp-image-804 alignleft\" src=\"https:\/\/vsav.info\/wp-content\/uploads\/2024\/04\/01_Logo_SA_Lausanne.jpg\" alt=\"\" width=\"210\" height=\"240\" \/>Anl\u00e4sslich der 125 Jahr Feier des Artillerieverein Lausanne, f\u00fchrte die Sektion gleichzeitig das 80. Schweizerische Barbaraschiessen und die 132. Delegiertenversammlung des Verbandes Schweizerischer Artillerievereine (VSAV) auf dem Waffenplatz Bi\u00e8re durch.<\/p>\n<p>Kameraden aus 16 Sektion der deutschen und franz\u00f6sischen Schweiz trafen sich bei sommerlichen Temperaturen auf dem Artillerie Waffenplatz im Kanton Waadt. Im gewohnten Rahmen wurde zu Beginn die 3 Konferenzen im Geb\u00e4ude 31.00 auf dem Waffenplatz f\u00fcr Pr\u00e4sidenten, Sch\u00fctzenmeister und \u00dcbungsleiter durchgef\u00fchrt und die entsprechend erworbenen Fleisskarten den Delegierten f\u00fcr jeweils Ihre Sektionen verteilt. Das feine Mittagsessen fand in der Halle 45.00 gleich nebenan statt. Um 14.15 Uhr er\u00f6ffnete der Zentralpr\u00e4sident Oberstleutnant Thomas Purtschert den gesch\u00e4ftlichen Teil der 132. Delegiertenversammlung.<\/p>\n<p>Schwerpunkt lag auch bei der Bekanntgabe der neu organisierten Artillerie-Sporttage in \u00dcberregionale Artillerie-Sporttage welche durch mehrere Sektionen der Zentralschweiz reorganisiert wurde. (Freitag, 20.09.2024, 1800 h &#8211; 2000 h und Samstag, 21.09.2024, 0900 h &#8211; 1200 h) auf dem Schiesstand Blindei in Werthenstein-Wolhusen.<\/p>\n<p>Als neue Sektion im Zentralverband wurde der &#8222;Verein der Artilleristen Train-und Festungssoldaten Deutsch-Freiburg&#8220; aufgenommen. Am 11.06.2023 durfte der Verein sein 100 j\u00e4hriges Bestehen feiern.<\/p>\n<p>Der seit dem 01.02.2024 neu im Amt als Waffenplatz Kommandant, Kommandant Artillerie Ausbildungs Zentrum sowie Artillerie Chef\u00a0 Oberst i Gst Gr\u00e9goire Solioz konnte als Gastredner gewonnen werden. Er brachte einige interessante Neuigkeiten im Bereich Artillerie-System der Zukunft zum Besten, eingebunden mit den vielen Internationalen Erfahrungen im Bereich Artillerie.<\/p>\n<p>Nach dem Gruppenbild mit allen anwesenden Fahnen der Sektionen und der Zentralfahne, sowie dem Pr\u00e4sidenten\u00a0 der Sektion Lausanne St\u00e9phane Jayet, dem Zentralpr\u00e4sidenten Oberstleutnant Thomas Purtschert und dem Hausherrn Oberst i Gst Gr\u00e9goire Solioz, gab es noch einen freiwilligen Umtrunk und den vollen Erwartungen der n\u00e4chsten Delegiertenversammlung welche der Artillerieverein Wiggertal organisieren wird.<\/p>\n<p><a href=\"https:\/\/myalbum.com\/album\/dUcJhfSKP7Ezbm\/\">zur Bildergalerie<\/a><\/p>\n","protected":false},"excerpt":{"rendered":"<p>Anl\u00e4sslich der 125 Jahr Feier des Artillerieverein Lausanne, f\u00fchrte die Sektion gleichzeitig das 80. Schweizerische Barbaraschiessen und die 132. Delegiertenversammlung des Verbandes Schweizerischer Artillerievereine (VSAV) auf dem Waffenplatz Bi\u00e8re durch. Kameraden aus 16 Sektion der deutschen und franz\u00f6sischen Schweiz trafen sich bei sommerlichen Temperaturen auf dem Artillerie Waffenplatz im Kanton Waadt. Im gewohnten Rahmen wurde [&hellip;]<\/p>\n","protected":false},"author":1,"featured_media":0,"parent":0,"menu_order":0,"comment_status":"closed","ping_status":"closed","template":"","meta":{"footnotes":""},"class_list":["post-799","page","type-page","status-publish","hentry"],"_links":{"self":[{"href":"https:\/\/vsav.info\/index.php\/wp-json\/wp\/v2\/pages\/799","targetHints":{"allow":["GET"]}}],"collection":[{"href":"https:\/\/vsav.info\/index.php\/wp-json\/wp\/v2\/pages"}],"about":[{"href":"https:\/\/vsav.info\/index.php\/wp-json\/wp\/v2\/types\/page"}],"author":[{"embeddable":true,"href":"https:\/\/vsav.info\/index.php\/wp-json\/wp\/v2\/users\/1"}],"replies":[{"embeddable":true,"href":"https:\/\/vsav.info\/index.php\/wp-json\/wp\/v2\/comments?post=799"}],"version-history":[{"count":5,"href":"https:\/\/vsav.info\/index.php\/wp-json\/wp\/v2\/pages\/799\/revisions"}],"predecessor-version":[{"id":818,"href":"https:\/\/vsav.info\/index.php\/wp-json\/wp\/v2\/pages\/799\/revisions\/818"}],"wp:attachment":[{"href":"https:\/\/vsav.info\/index.php\/wp-json\/wp\/v2\/media?parent=799"}],"curies":[{"name":"wp","href":"https:\/\/api.w.org\/{rel}","templated":true}]}}