{"id":85,"date":"2018-02-17T20:05:51","date_gmt":"2018-02-17T20:05:51","guid":{"rendered":"http:\/\/vsav.info\/?page_id=85"},"modified":"2019-09-22T10:43:46","modified_gmt":"2019-09-22T10:43:46","slug":"heilige-barbara","status":"publish","type":"page","link":"https:\/\/vsav.info\/index.php\/heilige-barbara\/","title":{"rendered":"Heilige Barbara"},"content":{"rendered":"\n<p><\/p>\n\n\n<p><img loading=\"lazy\" decoding=\"async\" class=\"size-medium wp-image-113 aligncenter\" src=\"https:\/\/vsav.info\/wp-content\/uploads\/2018\/02\/Heilige-Barbara-Schutzpatronin-der-Artillerie-210x300.jpg\" alt=\"\" width=\"210\" height=\"300\" srcset=\"https:\/\/vsav.info\/wp-content\/uploads\/2018\/02\/Heilige-Barbara-Schutzpatronin-der-Artillerie-210x300.jpg 210w, https:\/\/vsav.info\/wp-content\/uploads\/2018\/02\/Heilige-Barbara-Schutzpatronin-der-Artillerie.jpg 640w\" sizes=\"auto, (max-width: 210px) 100vw, 210px\" \/><span style=\"font-family: arial, helvetica, sans-serif; font-size: 12pt;\">Schutzpatronin der Artillerie ist die Heilige Barbara, deren wir allj\u00e4hrlich am 4.Dezember gedenken. Nach einer altr\u00f6mischen Legende hat sich die folgende Geschichte zugetragen.<\/span><\/p>\n<p><span style=\"font-family: arial, helvetica, sans-serif; font-size: 12pt;\">Zur Zeit der Christenverfolgung wollte in Rom ein Angeh\u00f6riger der kaiserlichen Leibwache seine Tochter Barbara mit einem J\u00fcngling aus dem Kaiserhof verheiraten. Um die heranwachsende Jungfrau den Blicken der Umwelt zu entziehen, lies er sie in einem eigens gebauten Turm einsperren.<\/span><\/p>\n<p><span style=\"font-family: arial, helvetica, sans-serif; font-size: 12pt;\">In dieser Abgeschiedenheit bekannte sie sich gegen den Willen des Vaters zum Christentum. Der Vater versuchte, sie mit Martern und Peinigungen zur\u00fcckzubekehren; doch dies best\u00e4rkte sie noch in ihrem Glauben. Der Vater selbst vollstreckte das \u00fcber sie verh\u00e4ngtes Todesurteil durch Enthauptung. Doch unmittelbar nach dieser T\u00f6tung ereilte auch ihn die g\u00f6ttliche Strafe: Ein vom Himmel fallender Blitz erschlug und verzehrte ihn augenblicklich.<\/span><\/p>\n<p><span style=\"font-family: arial, helvetica, sans-serif; font-size: 12pt;\">Seither gilt die Heilige Barbara als Symbol der Wehr-und Standhaftigkeit. Auf Bildern wird sie oft mit den Attributen Turm dargestellt. Die Verehrung der Heiligen Barbara als Schutzpatronin der Artillerie geht von Spanien aus und stammt aus der Zeit der Verdr\u00e4ngung der maurischen Besatzer S\u00fcdeuropas gegen Mitte unseres Jahrtausends. Der eigentliche Ursprung der Wahl der Heiligen Barbara kann indes nicht mit Bestimmtheit rekonstruiert werden. Der auf den Darstellungen beigef\u00fcgter Turm mag den Ausschlag dazu gegeben haben, da die ersten Artilleriegesch\u00fctze zur Verteidigung von Burgen und Festungen eingesetzt wurden.<\/span><\/p>\n<p><span style=\"font-family: arial, helvetica, sans-serif; font-size: 12pt;\">(Aus Publikation &#8222;Artillerie&#8220; des BAART)<\/span><\/p>\n<figure id=\"attachment_114\" aria-describedby=\"caption-attachment-114\" style=\"width: 194px\" class=\"wp-caption alignleft\"><img loading=\"lazy\" decoding=\"async\" class=\"wp-image-114 size-medium\" src=\"https:\/\/vsav.info\/wp-content\/uploads\/2018\/02\/Heilige_Barbara_Tirol-194x300.jpg\" alt=\"\" width=\"194\" height=\"300\" srcset=\"https:\/\/vsav.info\/wp-content\/uploads\/2018\/02\/Heilige_Barbara_Tirol-194x300.jpg 194w, https:\/\/vsav.info\/wp-content\/uploads\/2018\/02\/Heilige_Barbara_Tirol.jpg 306w\" sizes=\"auto, (max-width: 194px) 100vw, 194px\" \/><figcaption id=\"caption-attachment-114\" class=\"wp-caption-text\">Selbst zu &#8222;Kaisers-Zeiten&#8220; wurde die Heilige Barbara als Schutzpatronin verehrt, hier beim K.u.K. Tyroler und Voralberger Gebirgs-Artillerie Regiment Kaiser und K\u00f6nig Franz Joseph 1 Nr. 14<\/figcaption><\/figure>\n<p><span style=\"color: #ffffff; font-family: Arial; font-size: 12pt;\"><span style=\"color: #000000;\"><a href=\"http:\/\/www.artillerie.org\"><img loading=\"lazy\" decoding=\"async\" class=\"alignleft wp-image-119 size-medium\" src=\"https:\/\/vsav.info\/wp-content\/uploads\/2018\/02\/Barbara_Salut_2011_FEUER-300x103.jpg\" alt=\"\" width=\"300\" height=\"103\" srcset=\"https:\/\/vsav.info\/wp-content\/uploads\/2018\/02\/Barbara_Salut_2011_FEUER-300x103.jpg 300w, https:\/\/vsav.info\/wp-content\/uploads\/2018\/02\/Barbara_Salut_2011_FEUER-768x265.jpg 768w, https:\/\/vsav.info\/wp-content\/uploads\/2018\/02\/Barbara_Salut_2011_FEUER-1024x353.jpg 1024w, https:\/\/vsav.info\/wp-content\/uploads\/2018\/02\/Barbara_Salut_2011_FEUER.jpg 1236w\" sizes=\"auto, (max-width: 300px) 100vw, 300px\" \/><\/a>Die Sektion Basel-Stadt des VSAV ist der \u00e4lteste Artillerieverein in der Schweiz und der \u00e4lteste Milit\u00e4rverein im Kanton Basel-Stadt. Es ist eine gewisse Aufrechterhaltung der Tradition des Barbara-Salutschiessens mit einer 7,5 cm Feldkanone (Baujahr 1903).<\/span><\/span><\/p>\n<p><span style=\"color: #000000; font-family: Arial; font-size: 12pt;\">Jeweils am 4.Dezember treffen sich Basels Kanoniere und die geladenen G\u00e4ste aus der gesamten Region Basiliensis. Die milit\u00e4rischen Vertreter aus dem benachbarten Badischen und dem Elsass geh\u00f6ren schon einmal zum &#8222;normalen&#8220; Bild bei den Baslern.<\/span><\/p>\n<p><span style=\"color: #000000; font-family: Arial; font-size: 12pt;\">Seit 1961 befinden sich die Vereinslokalit\u00e4ten im St.Johanns-Tor in Basel, nur einige Schritte vom Grossbasler Rheinufer entfernt. Am Tor besammelt sich die G\u00e4stescharr und geht an das Rheinufer an welchem die Gesch\u00fctzmannschaft bereits Stellung bezogen hat.<br><\/span><\/p>\n<p align=\"JUSTIFY\"><span style=\"color: #000000; font-family: Arial; font-size: 12pt;\">Die 23-Schuss Salut zu Ehren der Heiligen Barbara erfolgen jeweils am 4.Dezember um 18.30 Uhr am Rheinufer beim St.Johanns-Tor in Basel. Das Salutschiessen ist \u00f6ffentlich und geh\u00f6rt schon zur Geschichte Stadt Basels. Am Anschluss ziehen die Kanoniere mit der gesamten geladenen G\u00e4stescharr in die BARBARASTUBE ins St.Johanns-Tor zur\u00fcck. Neben dem Spalentor und dem Alban-Tor ist das St.Johanns-Tor eines der 3 Stadttore welche in Basel noch \u00fcbriggeblieben sind. Jeweils am ersten Samstag nach den Sommerschulferien (von Basel), werden die drei Stadttore f\u00fcr die \u00d6ffentlichkeit zug\u00e4nglich gemacht. Ansonst erfolgt die Besichtigung nur durch Terminabsprache mit dem verantwortlichen &#8222;Tor-Chef&#8220;.<\/span><\/p>\n\n\n<h2 class=\"wp-block-heading\">Bekr\u00e4nzung der Heiligen Barbara<\/h2>\n\n\n\n<div class=\"wp-block-image\"><figure class=\"alignleft is-resized\"><img loading=\"lazy\" decoding=\"async\" src=\"https:\/\/vsav.info\/wp-content\/uploads\/2019\/09\/FCB_5904-e1569147855725-678x1024.jpg\" alt=\"\" class=\"wp-image-346\" width=\"170\" height=\"256\" srcset=\"https:\/\/vsav.info\/wp-content\/uploads\/2019\/09\/FCB_5904-e1569147855725-678x1024.jpg 678w, https:\/\/vsav.info\/wp-content\/uploads\/2019\/09\/FCB_5904-e1569147855725-199x300.jpg 199w, https:\/\/vsav.info\/wp-content\/uploads\/2019\/09\/FCB_5904-e1569147855725-768x1160.jpg 768w\" sizes=\"auto, (max-width: 170px) 100vw, 170px\" \/><\/figure><\/div>\n\n\n\n<div class=\"wp-block-image\"><figure class=\"alignright is-resized\"><img loading=\"lazy\" decoding=\"async\" src=\"https:\/\/vsav.info\/wp-content\/uploads\/2019\/09\/FCB_5903-e1569148399510-678x1024.jpg\" alt=\"\" class=\"wp-image-348\" width=\"170\" height=\"256\" srcset=\"https:\/\/vsav.info\/wp-content\/uploads\/2019\/09\/FCB_5903-e1569148399510-678x1024.jpg 678w, https:\/\/vsav.info\/wp-content\/uploads\/2019\/09\/FCB_5903-e1569148399510-199x300.jpg 199w, https:\/\/vsav.info\/wp-content\/uploads\/2019\/09\/FCB_5903-e1569148399510-768x1160.jpg 768w\" sizes=\"auto, (max-width: 170px) 100vw, 170px\" \/><\/figure><\/div>\n\n\n\n<p>Vor rund 60 Jahren, hatten die  Jungkanoniere jeweils in der Nacht des 3. auf 4. Dezembers der Heiligen Barbara  Figur am Fischmarktbrunnen in Basel, verbotenerweise vor der Nase der Polizei, einen Kranz  auf das Haupt der Heiligen Barbara gelegt. <\/p>\n\n\n\n<p>Seit dem Jahr 2017 wird nun diese kleine Vorzeremonie vor dem eigentlich Barbara Salut am 4. Dezember um 16.15 Uhr durchgef\u00fchrt.<\/p>\n","protected":false},"excerpt":{"rendered":"<p>Schutzpatronin der Artillerie ist die Heilige Barbara, deren wir allj\u00e4hrlich am 4.Dezember gedenken. Nach einer altr\u00f6mischen Legende hat sich die folgende Geschichte zugetragen. Zur Zeit der Christenverfolgung wollte in Rom ein Angeh\u00f6riger der kaiserlichen Leibwache seine Tochter Barbara mit einem J\u00fcngling aus dem Kaiserhof verheiraten. Um die heranwachsende Jungfrau den Blicken der Umwelt zu entziehen, [&hellip;]<\/p>\n","protected":false},"author":1,"featured_media":0,"parent":0,"menu_order":0,"comment_status":"closed","ping_status":"closed","template":"","meta":{"footnotes":""},"class_list":["post-85","page","type-page","status-publish","hentry"],"_links":{"self":[{"href":"https:\/\/vsav.info\/index.php\/wp-json\/wp\/v2\/pages\/85","targetHints":{"allow":["GET"]}}],"collection":[{"href":"https:\/\/vsav.info\/index.php\/wp-json\/wp\/v2\/pages"}],"about":[{"href":"https:\/\/vsav.info\/index.php\/wp-json\/wp\/v2\/types\/page"}],"author":[{"embeddable":true,"href":"https:\/\/vsav.info\/index.php\/wp-json\/wp\/v2\/users\/1"}],"replies":[{"embeddable":true,"href":"https:\/\/vsav.info\/index.php\/wp-json\/wp\/v2\/comments?post=85"}],"version-history":[{"count":8,"href":"https:\/\/vsav.info\/index.php\/wp-json\/wp\/v2\/pages\/85\/revisions"}],"predecessor-version":[{"id":357,"href":"https:\/\/vsav.info\/index.php\/wp-json\/wp\/v2\/pages\/85\/revisions\/357"}],"wp:attachment":[{"href":"https:\/\/vsav.info\/index.php\/wp-json\/wp\/v2\/media?parent=85"}],"curies":[{"name":"wp","href":"https:\/\/api.w.org\/{rel}","templated":true}]}}