{"id":886,"date":"2025-05-10T16:22:00","date_gmt":"2025-05-10T16:22:00","guid":{"rendered":"https:\/\/vsav.info\/?page_id=886"},"modified":"2025-05-10T16:37:28","modified_gmt":"2025-05-10T16:37:28","slug":"133-delegiertenversammlung-vsav-am-10-05-2025-in-reiden","status":"publish","type":"page","link":"https:\/\/vsav.info\/index.php\/133-delegiertenversammlung-vsav-am-10-05-2025-in-reiden\/","title":{"rendered":"133. Delegiertenversammlung VSAV am 10.05.2025 in Reiden"},"content":{"rendered":"\n<figure id=\"attachment_880\" aria-describedby=\"caption-attachment-880\" style=\"width: 640px\" class=\"wp-caption aligncenter\"><img loading=\"lazy\" decoding=\"async\" class=\"wp-image-880 size-large\" src=\"https:\/\/vsav.info\/wp-content\/uploads\/2025\/05\/IMG_2799-916x1024.jpg\" alt=\"\" width=\"640\" height=\"715\" srcset=\"https:\/\/vsav.info\/wp-content\/uploads\/2025\/05\/IMG_2799-916x1024.jpg 916w, https:\/\/vsav.info\/wp-content\/uploads\/2025\/05\/IMG_2799-268x300.jpg 268w, https:\/\/vsav.info\/wp-content\/uploads\/2025\/05\/IMG_2799-768x859.jpg 768w, https:\/\/vsav.info\/wp-content\/uploads\/2025\/05\/IMG_2799-1374x1536.jpg 1374w, https:\/\/vsav.info\/wp-content\/uploads\/2025\/05\/IMG_2799-1832x2048.jpg 1832w\" sizes=\"auto, (max-width: 640px) 100vw, 640px\" \/><figcaption id=\"caption-attachment-880\" class=\"wp-caption-text\">Gratulation. Fritz Sahli von der Sektion Bern-Stadt erhielt bereits im vergangenen Jahr die 50. Fleisskarte des Verbandes, wurde jedoch \u00fcbersehen. Daher wurde ihm dieses Jahr der Dank des Zentralpr\u00e4sidenten ausgesprochen. 50 Fleisskarten heisst, 50 Jahre lange jedes Jahr mindestens 8 \u00dcbungen absolviert zu haben.<\/figcaption><\/figure>\n<p>Bericht Fachoffizier Fabian Coulot<\/p>\n<p>Anl\u00e4sslich der 133. Delegiertenversammlung des Verbandes Schweizerischer Artillerievereine (VSAV) am Samstag, 10. Mai 2025 durfte der Zentralpr\u00e4sident Oberstleutnant Thomas Purtschert die 76 Delegierte von 19 Sektionen in Reiden Willkommen heissen.<\/p>\n<p>Der Gemeindepr\u00e4sident von Reiden Herr Jusua M\u00fcller \u00fcberbrachte die Grussworte und erz\u00e4hlte einiges an Wissenswertes aus seiner Gemeinde.<\/p>\n<p>Der gesch\u00e4ftliche Teil wurde z\u00fcgig abgehandelt, da bereits am Vormittag die drei Arbeitskonferenzen der Pr\u00e4sidenten, Sch\u00fctzenmeister und \u00dcbungsleiter durchgef\u00fchrt wurden um allf\u00e4llige Unklarheiten bereits vor der eigentlichen Delegiertenversammlung zu regeln.<\/p>\n<p>F\u00fcr das vergangene Jahr (2024) konnte unser Verband nach Bern 430 \u00dcbungen melden, welche eine Zunahme von 64 \u00dcbungen zum Vorjahr (2023) auswies. Somit konnte der Zentralkassier Gefreiter Pirmin Oehen auch wieder Subventionen aus Bern an die Sektionen weiterleiten. Nach 12 Jahren Vorstandsarbeit hat Pirmin Oehen als Kassier sein Amt unter Verdankungen abgegeben und an Oberleutnant Reto Geiger, ebenfalls von der Sektion Michelsamt-Berom\u00fcnster weitergeben, welcher von den Delegierten einstimmig gew\u00e4hlt wurde.<\/p>\n<p>Four Urs Vogel der \u00dcbungsleiter wurde von den Delegierten zum Ehrenmitglied ernannt.<\/p>\n<p>Als Gastreferat am Schluss der Delegiertenversammlung sprach Oberst i Gst Stefan Schenk \u00fcber die Arbeiten seiner T\u00e4tigkeit als Chef des Rekrutierungszentrum R\u00fcti. Ein interessanter Einblick f\u00fcr die &#8222;alten&#8220;Hasen in die neue j\u00fcngere Generation.<\/p>\n<p><a href=\"https:\/\/myalbum.com\/album\/ArZeQpfsdMjZmn\/\">Impressionen der DV 2025<\/a><\/p>\n<p>\u00a0<\/p>\n","protected":false},"excerpt":{"rendered":"<p>Bericht Fachoffizier Fabian Coulot Anl\u00e4sslich der 133. Delegiertenversammlung des Verbandes Schweizerischer Artillerievereine (VSAV) am Samstag, 10. Mai 2025 durfte der Zentralpr\u00e4sident Oberstleutnant Thomas Purtschert die 76 Delegierte von 19 Sektionen in Reiden Willkommen heissen. Der Gemeindepr\u00e4sident von Reiden Herr Jusua M\u00fcller \u00fcberbrachte die Grussworte und erz\u00e4hlte einiges an Wissenswertes aus seiner Gemeinde. Der gesch\u00e4ftliche Teil [&hellip;]<\/p>\n","protected":false},"author":1,"featured_media":0,"parent":0,"menu_order":0,"comment_status":"closed","ping_status":"closed","template":"","meta":{"footnotes":""},"class_list":["post-886","page","type-page","status-publish","hentry"],"_links":{"self":[{"href":"https:\/\/vsav.info\/index.php\/wp-json\/wp\/v2\/pages\/886","targetHints":{"allow":["GET"]}}],"collection":[{"href":"https:\/\/vsav.info\/index.php\/wp-json\/wp\/v2\/pages"}],"about":[{"href":"https:\/\/vsav.info\/index.php\/wp-json\/wp\/v2\/types\/page"}],"author":[{"embeddable":true,"href":"https:\/\/vsav.info\/index.php\/wp-json\/wp\/v2\/users\/1"}],"replies":[{"embeddable":true,"href":"https:\/\/vsav.info\/index.php\/wp-json\/wp\/v2\/comments?post=886"}],"version-history":[{"count":3,"href":"https:\/\/vsav.info\/index.php\/wp-json\/wp\/v2\/pages\/886\/revisions"}],"predecessor-version":[{"id":889,"href":"https:\/\/vsav.info\/index.php\/wp-json\/wp\/v2\/pages\/886\/revisions\/889"}],"wp:attachment":[{"href":"https:\/\/vsav.info\/index.php\/wp-json\/wp\/v2\/media?parent=886"}],"curies":[{"name":"wp","href":"https:\/\/api.w.org\/{rel}","templated":true}]}}